{"id":320,"date":"2024-05-10T18:58:47","date_gmt":"2024-05-10T17:58:47","guid":{"rendered":"https:\/\/aysuniverse.com\/?page_id=320"},"modified":"2024-10-15T18:16:42","modified_gmt":"2024-10-15T17:16:42","slug":"contact","status":"publish","type":"page","link":"https:\/\/aysuniverse.com\/pl\/contact\/","title":{"rendered":"Kontakt"},"content":{"rendered":"<p>Jestem pisarzem mieszkaj\u0105cym w Polsce. To jest moja osobista strona internetowa gdzie publicznie udost\u0119pniam moj\u0105 prac\u0119. Je\u015bli chcesz si\u0119 ze mn\u0105 skontaktowa\u0107, skorzystaj z metod podanych poni\u017cej:<\/p>\n\n\n\n<p>Mail: <a href=\"mailto:MattSparrow@aysuniverse.com\">MattSparrow@aysuniverse.com<\/a><br>Twitter\/X (EN): <a href=\"https:\/\/twitter.com\/AYS_Universe\">https:\/\/twitter.com\/AYS_Universe<\/a><br>Medium (EN): <a href=\"https:\/\/medium.com\/@AYS_Universe\">https:\/\/medium.com\/@AYS_Universe<\/a><br>Youtube: <a href=\"https:\/\/www.youtube.com\/@AYS_Universe-h9m\">https:\/\/www.youtube.com\/@AYS_Universe-h9m<\/a><br>Facebook: <a href=\"https:\/\/www.facebook.com\/AYSUniverse\/\">https:\/\/www.facebook.com\/AYSUniverse\/<\/a><br>Goodreads: <a href=\"https:\/\/www.goodreads.com\/author\/show\/52020138.Matt_Sparrow\">https:\/\/www.goodreads.com\/author\/show\/52020138.Matt_Sparrow<\/a><br>Instagram: <a href=\"https:\/\/www.instagram.com\/ays.universe\/\">https:\/\/www.instagram.com\/ays.universe\/<\/a><\/p>","protected":false},"excerpt":{"rendered":"<p>I am a writer living in Poland. This is my personal website where I present my work to everyone. If you want to contact me, you can use methods below: Mail: MattSparrow@aysuniverse.comTwitter\/X: https:\/\/twitter.com\/AYS_UniverseMedium: https:\/\/medium.com\/@AYS_UniverseYoutube: https:\/\/www.youtube.com\/@AYS_Universe-h9mFacebook (PL): https:\/\/www.facebook.com\/AYSUniverse\/Goodreads: https:\/\/www.goodreads.com\/author\/show\/52020138.Matt_SparrowInstagram: https:\/\/www.instagram.com\/ays.universe\/<\/p>","protected":false},"author":1,"featured_media":0,"parent":0,"menu_order":0,"comment_status":"closed","ping_status":"closed","template":"","meta":{"iawp_total_views":257,"footnotes":""},"yoast_head":"<!-- This site is optimized with the Yoast SEO plugin v24.0 - https:\/\/yoast.com\/wordpress\/plugins\/seo\/ -->\n<title>Contact - AYS Universe<\/title>\n<meta name=\"description\" content=\"contact information for AYS Universe webpage.\" \/>\n<meta name=\"robots\" content=\"index, follow, max-snippet:-1, max-image-preview:large, max-video-preview:-1\" \/>\n<link rel=\"canonical\" href=\"https:\/\/aysuniverse.com\/pl\/contact\/\" \/>\n<meta property=\"og:locale\" content=\"pl_PL\" \/>\n<meta property=\"og:type\" content=\"article\" \/>\n<meta property=\"og:title\" content=\"Contact - AYS Universe\" \/>\n<meta property=\"og:description\" content=\"contact information for AYS Universe webpage.\" \/>\n<meta property=\"og:url\" content=\"https:\/\/aysuniverse.com\/pl\/contact\/\" \/>\n<meta property=\"og:site_name\" content=\"AYS Universe\" \/>\n<meta property=\"article:modified_time\" content=\"2024-10-15T17:16:42+00:00\" \/>\n<meta property=\"og:image\" content=\"https:\/\/aysuniverse.com\/wp-content\/uploads\/2024\/05\/PelneLogoProstev4sfdghjklhjgfd.png\" \/>\n\t<meta property=\"og:image:width\" content=\"1200\" \/>\n\t<meta property=\"og:image:height\" content=\"675\" \/>\n\t<meta property=\"og:image:type\" content=\"image\/png\" \/>\n<meta name=\"twitter:card\" content=\"summary_large_image\" \/>\n<meta name=\"twitter:site\" content=\"@AYS_Universe\" \/>\n<meta name=\"twitter:label1\" content=\"Szacowany czas czytania\" \/>\n\t<meta name=\"twitter:data1\" content=\"1 minuta\" \/>\n<script type=\"application\/ld+json\" class=\"yoast-schema-graph\">{\"@context\":\"https:\/\/schema.org\",\"@graph\":[{\"@type\":\"WebPage\",\"@id\":\"https:\/\/aysuniverse.com\/contact\/\",\"url\":\"https:\/\/aysuniverse.com\/contact\/\",\"name\":\"Contact - AYS Universe\",\"isPartOf\":{\"@id\":\"https:\/\/aysuniverse.com\/#website\"},\"datePublished\":\"2024-05-10T17:58:47+00:00\",\"dateModified\":\"2024-10-15T17:16:42+00:00\",\"description\":\"contact information for AYS Universe webpage.\",\"breadcrumb\":{\"@id\":\"https:\/\/aysuniverse.com\/contact\/#breadcrumb\"},\"inLanguage\":\"pl-PL\",\"potentialAction\":[{\"@type\":\"ReadAction\",\"target\":[\"https:\/\/aysuniverse.com\/contact\/\"]}]},{\"@type\":\"BreadcrumbList\",\"@id\":\"https:\/\/aysuniverse.com\/contact\/#breadcrumb\",\"itemListElement\":[{\"@type\":\"ListItem\",\"position\":1,\"name\":\"Home\",\"item\":\"https:\/\/aysuniverse.com\/\"},{\"@type\":\"ListItem\",\"position\":2,\"name\":\"Contact\"}]},{\"@type\":\"WebSite\",\"@id\":\"https:\/\/aysuniverse.com\/#website\",\"url\":\"https:\/\/aysuniverse.com\/\",\"name\":\"AYS Universe\",\"description\":\"Created by two, expanded by many\",\"publisher\":{\"@id\":\"https:\/\/aysuniverse.com\/#\/schema\/person\/ff1561500a6f657ddfaa5b5092c27418\"},\"alternateName\":\"AYSU\",\"potentialAction\":[{\"@type\":\"SearchAction\",\"target\":{\"@type\":\"EntryPoint\",\"urlTemplate\":\"https:\/\/aysuniverse.com\/?s={search_term_string}\"},\"query-input\":{\"@type\":\"PropertyValueSpecification\",\"valueRequired\":true,\"valueName\":\"search_term_string\"}}],\"inLanguage\":\"pl-PL\"},{\"@type\":[\"Person\",\"Organization\"],\"@id\":\"https:\/\/aysuniverse.com\/#\/schema\/person\/ff1561500a6f657ddfaa5b5092c27418\",\"name\":\"Matt Sparrow\",\"image\":{\"@type\":\"ImageObject\",\"inLanguage\":\"pl-PL\",\"@id\":\"https:\/\/aysuniverse.com\/#\/schema\/person\/image\/\",\"url\":\"https:\/\/aysuniverse.com\/wp-content\/uploads\/2024\/04\/PelneLogoNapis2v4alfaczarne.png\",\"contentUrl\":\"https:\/\/aysuniverse.com\/wp-content\/uploads\/2024\/04\/PelneLogoNapis2v4alfaczarne.png\",\"width\":1080,\"height\":1080,\"caption\":\"Matt Sparrow\"},\"logo\":{\"@id\":\"https:\/\/aysuniverse.com\/#\/schema\/person\/image\/\"},\"sameAs\":[\"http:\/\/aysuniverse.com\",\"https:\/\/x.com\/AYS_Universe\"]}]}<\/script>\n<!-- \/ Yoast SEO plugin. -->","yoast_head_json":{"title":"Contact - AYS Universe","description":"contact information for AYS Universe webpage.","robots":{"index":"index","follow":"follow","max-snippet":"max-snippet:-1","max-image-preview":"max-image-preview:large","max-video-preview":"max-video-preview:-1"},"canonical":"https:\/\/aysuniverse.com\/pl\/contact\/","og_locale":"pl_PL","og_type":"article","og_title":"Contact - AYS Universe","og_description":"contact information for AYS Universe webpage.","og_url":"https:\/\/aysuniverse.com\/pl\/contact\/","og_site_name":"AYS Universe","article_modified_time":"2024-10-15T17:16:42+00:00","og_image":[{"width":1200,"height":675,"url":"https:\/\/aysuniverse.com\/wp-content\/uploads\/2024\/05\/PelneLogoProstev4sfdghjklhjgfd.png","type":"image\/png"}],"twitter_card":"summary_large_image","twitter_site":"@AYS_Universe","twitter_misc":{"Szacowany czas czytania":"1 minuta"},"schema":{"@context":"https:\/\/schema.org","@graph":[{"@type":"WebPage","@id":"https:\/\/aysuniverse.com\/contact\/","url":"https:\/\/aysuniverse.com\/contact\/","name":"Contact - AYS Universe","isPartOf":{"@id":"https:\/\/aysuniverse.com\/#website"},"datePublished":"2024-05-10T17:58:47+00:00","dateModified":"2024-10-15T17:16:42+00:00","description":"contact information for AYS Universe webpage.","breadcrumb":{"@id":"https:\/\/aysuniverse.com\/contact\/#breadcrumb"},"inLanguage":"pl-PL","potentialAction":[{"@type":"ReadAction","target":["https:\/\/aysuniverse.com\/contact\/"]}]},{"@type":"BreadcrumbList","@id":"https:\/\/aysuniverse.com\/contact\/#breadcrumb","itemListElement":[{"@type":"ListItem","position":1,"name":"Home","item":"https:\/\/aysuniverse.com\/"},{"@type":"ListItem","position":2,"name":"Contact"}]},{"@type":"WebSite","@id":"https:\/\/aysuniverse.com\/#website","url":"https:\/\/aysuniverse.com\/","name":"\u015awiat Iwidaciowania","description":"Powsta\u0142 z dw\u00f3ch, rozwija si\u0119 dzi\u0119ki wielu","publisher":{"@id":"https:\/\/aysuniverse.com\/#\/schema\/person\/ff1561500a6f657ddfaa5b5092c27418"},"alternateName":"AYSU","potentialAction":[{"@type":"SearchAction","target":{"@type":"EntryPoint","urlTemplate":"https:\/\/aysuniverse.com\/?s={search_term_string}"},"query-input":{"@type":"PropertyValueSpecification","valueRequired":true,"valueName":"search_term_string"}}],"inLanguage":"pl-PL"},{"@type":["Person","Organization"],"@id":"https:\/\/aysuniverse.com\/#\/schema\/person\/ff1561500a6f657ddfaa5b5092c27418","name":"Matt Sparrow","image":{"@type":"ImageObject","inLanguage":"pl-PL","@id":"https:\/\/aysuniverse.com\/#\/schema\/person\/image\/","url":"https:\/\/aysuniverse.com\/wp-content\/uploads\/2024\/04\/PelneLogoNapis2v4alfaczarne.png","contentUrl":"https:\/\/aysuniverse.com\/wp-content\/uploads\/2024\/04\/PelneLogoNapis2v4alfaczarne.png","width":1080,"height":1080,"caption":"Matt Sparrow"},"logo":{"@id":"https:\/\/aysuniverse.com\/#\/schema\/person\/image\/"},"sameAs":["http:\/\/aysuniverse.com","https:\/\/x.com\/AYS_Universe"]}]}},"_links":{"self":[{"href":"https:\/\/aysuniverse.com\/pl\/wp-json\/wp\/v2\/pages\/320"}],"collection":[{"href":"https:\/\/aysuniverse.com\/pl\/wp-json\/wp\/v2\/pages"}],"about":[{"href":"https:\/\/aysuniverse.com\/pl\/wp-json\/wp\/v2\/types\/page"}],"author":[{"embeddable":true,"href":"https:\/\/aysuniverse.com\/pl\/wp-json\/wp\/v2\/users\/1"}],"replies":[{"embeddable":true,"href":"https:\/\/aysuniverse.com\/pl\/wp-json\/wp\/v2\/comments?post=320"}],"version-history":[{"count":8,"href":"https:\/\/aysuniverse.com\/pl\/wp-json\/wp\/v2\/pages\/320\/revisions"}],"predecessor-version":[{"id":606,"href":"https:\/\/aysuniverse.com\/pl\/wp-json\/wp\/v2\/pages\/320\/revisions\/606"}],"wp:attachment":[{"href":"https:\/\/aysuniverse.com\/pl\/wp-json\/wp\/v2\/media?parent=320"}],"curies":[{"name":"wp","href":"https:\/\/api.w.org\/{rel}","templated":true}]}}