{"id":3,"date":"2024-03-10T13:16:33","date_gmt":"2024-03-10T13:16:33","guid":{"rendered":"http:\/\/aysuniverse.com\/?page_id=3"},"modified":"2024-07-03T21:03:41","modified_gmt":"2024-07-03T20:03:41","slug":"privacy-policy","status":"publish","type":"page","link":"https:\/\/aysuniverse.com\/pl\/privacy-policy\/","title":{"rendered":"Polityka Prywatno\u015bci"},"content":{"rendered":"<p>Jeste\u015bmy zobowi\u0105zani do ochrony prywatno\u015bci u\u017cytkownik\u00f3w. Niniejsza Polityka prywatno\u015bci wyja\u015bnia, w jaki spos\u00f3b gromadzimy, wykorzystujemy i chronimy dane osobowe, kt\u00f3re nam przekazujesz.<\/p>\n\n\n\n<p>Adres strony internetowej to: <a href=\"https:\/\/aysuniverse.com\/pl\/\">https:\/\/aysuniverse.com<\/a>.<\/p>\n\n\n\n<h2 class=\"wp-block-heading\">Gromadzenie informacji<\/h2>\n\n\n\n<p>Gromadzimy dane osobowe u\u017cytkownik\u00f3w, kt\u00f3rzy subskrybuj\u0105 nasz newsletter. Gromadzone przez nas informacje mog\u0105 obejmowa\u0107 imi\u0119 oraz adres e-mail u\u017cytkownika.<\/p>\n\n\n\n<h2 class=\"wp-block-heading\">Wykorzystanie informacji<\/h2>\n\n\n\n<p>Podane przez u\u017cytkownika dane osobowe wykorzystujemy do wysy\u0142ania mu naszego newslettera i innych materia\u0142\u00f3w promocyjnych zwi\u0105zanych z naszymi produktami i us\u0142ugami. Mo\u017cemy r\u00f3wnie\u017c wykorzystywa\u0107 dane u\u017cytkownika do cel\u00f3w analitycznych, aby ulepsza\u0107 nasz\u0105 witryn\u0119 internetow\u0105 i us\u0142ugi.<\/p>\n\n\n\n<h2 class=\"wp-block-heading\">Udost\u0119pnianie i ujawnianie danych<\/h2>\n\n\n\n<p>Nie sprzedajemy, nie wymieniamy ani nie wypo\u017cyczamy danych osobowych u\u017cytkownik\u00f3w stronom trzecim. Mo\u017cemy jednak udost\u0119pnia\u0107 dane u\u017cytkownika zaufanym zewn\u0119trznym dostawcom us\u0142ug, kt\u00f3rzy pomagaj\u0105 nam w obs\u0142udze naszej witryny internetowej, prowadzeniu naszej dzia\u0142alno\u015bci lub obs\u0142udze u\u017cytkownika, o ile strony te zgodz\u0105 si\u0119 zachowa\u0107 poufno\u015b\u0107 tych informacji.<\/p>\n\n\n\n<h2 class=\"wp-block-heading\">Bezpiecze\u0144stwo danych<\/h2>\n\n\n\n<p>Wdra\u017camy uzasadnione \u015brodki bezpiecze\u0144stwa w celu ochrony gromadzonych przez nas danych osobowych przed nieuprawnionym dost\u0119pem, wykorzystaniem lub ujawnieniem. Jednak \u017cadna metoda transmisji przez Internet lub elektronicznego przechowywania danych nie jest w 100% bezpieczna i nie mo\u017cemy zagwarantowa\u0107 ca\u0142kowitego bezpiecze\u0144stwa.<\/p>\n\n\n\n<h2 class=\"wp-block-heading\">Linki stron trzecich<\/h2>\n\n\n\n<p>Nasza witryna internetowa mo\u017ce zawiera\u0107 \u0142\u0105cza do witryn internetowych os\u00f3b trzecich. Nie ponosimy odpowiedzialno\u015bci za praktyki dotycz\u0105ce prywatno\u015bci ani zawarto\u015b\u0107 tych witryn. Zach\u0119camy do zapoznania si\u0119 z polityk\u0105 prywatno\u015bci tych stron internetowych os\u00f3b trzecich.<\/p>\n\n\n\n<h2 class=\"wp-block-heading\">Ochrona prywatno\u015bci dzieci<\/h2>\n\n\n\n<p>Nasza witryna nie jest przeznaczona dla dzieci w wieku poni\u017cej 13 lat. Nie zbieramy \u015bwiadomie danych osobowych od dzieci poni\u017cej 13 roku \u017cycia. Je\u015bli jeste\u015b rodzicem lub opiekunem i uwa\u017casz, \u017ce Twoje dziecko przekaza\u0142o nam dane osobowe, skontaktuj si\u0119 z nami, a my usuniemy te informacje z naszych rejestr\u00f3w.<\/p>\n\n\n\n<h2 class=\"wp-block-heading\">Litespeed<\/h2>\n\n\n\n<p>Ta witryna wykorzystuje buforowanie w celu skr\u00f3cenia czasu reakcji i poprawy komfortu u\u017cytkowania. Buforowanie potencjalnie przechowuje zduplikowan\u0105 kopi\u0119 ka\u017cdej strony internetowej, kt\u00f3ra jest wy\u015bwietlana w tej witrynie. Wszystkie pliki pami\u0119ci podr\u0119cznej s\u0105 tymczasowe i nigdy nie s\u0105 dost\u0119pne dla os\u00f3b trzecich, chyba \u017ce jest to konieczne w celu uzyskania pomocy technicznej od dostawcy wtyczki pami\u0119ci podr\u0119cznej. Pliki pami\u0119ci podr\u0119cznej wygasaj\u0105 zgodnie z harmonogramem ustalonym przez administratora witryny, ale w razie potrzeby mog\u0105 by\u0107 \u0142atwo usuni\u0119te przez administratora przed ich naturalnym wyga\u015bni\u0119ciem. Mo\u017cemy korzysta\u0107 z us\u0142ug QUIC.cloud do tymczasowego przetwarzania i buforowania danych. Wi\u0119cej informacji mo\u017cna znale\u017a\u0107 na stronie https:\/\/quic.cloud\/privacy-policy\/.<\/p>\n\n\n\n<h2 class=\"wp-block-heading\">Zmiany w niniejszej Polityce prywatno\u015bci<\/h2>\n\n\n\n<p>Od czasu do czasu mo\u017cemy aktualizowa\u0107 niniejsz\u0105 Polityk\u0119 prywatno\u015bci, aby odzwierciedli\u0107 zmiany w naszych praktykach lub z innych powod\u00f3w operacyjnych, prawnych lub regulacyjnych. Zach\u0119camy do okresowego sprawdzania niniejszej Polityki prywatno\u015bci pod k\u0105tem wszelkich zmian.<\/p>\n\n\n\n<h2 class=\"wp-block-heading\">Kontakt<\/h2>\n\n\n\n<p>W przypadku jakichkolwiek pyta\u0144 lub w\u0105tpliwo\u015bci dotycz\u0105cych niniejszej Polityki prywatno\u015bci lub naszych praktyk w zakresie ochrony prywatno\u015bci, prosimy o kontakt pod adresem:_ <a href=\"mailto:MattSparrow@aysuniverse.com\">MattSparrow@aysuniverse.com<\/a>. <br><br>Ostatnia aktualizacja: 10 V 2024<\/p>","protected":false},"excerpt":{"rendered":"<p>We are committed to protecting your privacy. This Privacy Policy explains how we collect, use, and safeguard the personal information you provide to us. The website address is: https:\/\/aysuniverse.com. Information Collection We collect personal information from you when you subscribe to our newsletter. The information we collect may include your name and email address. Use [&hellip;]<\/p>","protected":false},"author":1,"featured_media":0,"parent":0,"menu_order":0,"comment_status":"closed","ping_status":"open","template":"","meta":{"iawp_total_views":22,"footnotes":""},"yoast_head":"<!-- This site is optimized with the Yoast SEO plugin v24.0 - https:\/\/yoast.com\/wordpress\/plugins\/seo\/ -->\n<title>Privacy Policy - AYS Universe<\/title>\n<meta name=\"robots\" content=\"index, follow, max-snippet:-1, max-image-preview:large, max-video-preview:-1\" \/>\n<link rel=\"canonical\" href=\"https:\/\/aysuniverse.com\/pl\/privacy-policy\/\" \/>\n<meta property=\"og:locale\" content=\"pl_PL\" \/>\n<meta property=\"og:type\" content=\"article\" \/>\n<meta property=\"og:title\" content=\"Privacy Policy - AYS Universe\" \/>\n<meta property=\"og:description\" content=\"We are committed to protecting your privacy. This Privacy Policy explains how we collect, use, and safeguard the personal information you provide to us. The website address is: https:\/\/aysuniverse.com. Information Collection We collect personal information from you when you subscribe to our newsletter. The information we collect may include your name and email address. Use [&hellip;]\" \/>\n<meta property=\"og:url\" content=\"https:\/\/aysuniverse.com\/pl\/privacy-policy\/\" \/>\n<meta property=\"og:site_name\" content=\"AYS Universe\" \/>\n<meta property=\"article:modified_time\" content=\"2024-07-03T20:03:41+00:00\" \/>\n<meta property=\"og:image\" content=\"https:\/\/aysuniverse.com\/wp-content\/uploads\/2024\/05\/PelneLogoProstev4sfdghjklhjgfd.png\" \/>\n\t<meta property=\"og:image:width\" content=\"1200\" \/>\n\t<meta property=\"og:image:height\" content=\"675\" \/>\n\t<meta property=\"og:image:type\" content=\"image\/png\" \/>\n<meta name=\"twitter:card\" content=\"summary_large_image\" \/>\n<meta name=\"twitter:site\" content=\"@AYS_Universe\" \/>\n<meta name=\"twitter:label1\" content=\"Szacowany czas czytania\" \/>\n\t<meta name=\"twitter:data1\" content=\"2 minuty\" \/>\n<script type=\"application\/ld+json\" class=\"yoast-schema-graph\">{\"@context\":\"https:\/\/schema.org\",\"@graph\":[{\"@type\":\"WebPage\",\"@id\":\"https:\/\/aysuniverse.com\/privacy-policy\/\",\"url\":\"https:\/\/aysuniverse.com\/privacy-policy\/\",\"name\":\"Privacy Policy - AYS Universe\",\"isPartOf\":{\"@id\":\"https:\/\/aysuniverse.com\/#website\"},\"datePublished\":\"2024-03-10T13:16:33+00:00\",\"dateModified\":\"2024-07-03T20:03:41+00:00\",\"breadcrumb\":{\"@id\":\"https:\/\/aysuniverse.com\/privacy-policy\/#breadcrumb\"},\"inLanguage\":\"pl-PL\",\"potentialAction\":[{\"@type\":\"ReadAction\",\"target\":[\"https:\/\/aysuniverse.com\/privacy-policy\/\"]}]},{\"@type\":\"BreadcrumbList\",\"@id\":\"https:\/\/aysuniverse.com\/privacy-policy\/#breadcrumb\",\"itemListElement\":[{\"@type\":\"ListItem\",\"position\":1,\"name\":\"Home\",\"item\":\"https:\/\/aysuniverse.com\/\"},{\"@type\":\"ListItem\",\"position\":2,\"name\":\"Privacy Policy\"}]},{\"@type\":\"WebSite\",\"@id\":\"https:\/\/aysuniverse.com\/#website\",\"url\":\"https:\/\/aysuniverse.com\/\",\"name\":\"AYS Universe\",\"description\":\"Created by two, expanded by many\",\"publisher\":{\"@id\":\"https:\/\/aysuniverse.com\/#\/schema\/person\/ff1561500a6f657ddfaa5b5092c27418\"},\"alternateName\":\"AYSU\",\"potentialAction\":[{\"@type\":\"SearchAction\",\"target\":{\"@type\":\"EntryPoint\",\"urlTemplate\":\"https:\/\/aysuniverse.com\/?s={search_term_string}\"},\"query-input\":{\"@type\":\"PropertyValueSpecification\",\"valueRequired\":true,\"valueName\":\"search_term_string\"}}],\"inLanguage\":\"pl-PL\"},{\"@type\":[\"Person\",\"Organization\"],\"@id\":\"https:\/\/aysuniverse.com\/#\/schema\/person\/ff1561500a6f657ddfaa5b5092c27418\",\"name\":\"Matt Sparrow\",\"image\":{\"@type\":\"ImageObject\",\"inLanguage\":\"pl-PL\",\"@id\":\"https:\/\/aysuniverse.com\/#\/schema\/person\/image\/\",\"url\":\"https:\/\/aysuniverse.com\/wp-content\/uploads\/2024\/04\/PelneLogoNapis2v4alfaczarne.png\",\"contentUrl\":\"https:\/\/aysuniverse.com\/wp-content\/uploads\/2024\/04\/PelneLogoNapis2v4alfaczarne.png\",\"width\":1080,\"height\":1080,\"caption\":\"Matt Sparrow\"},\"logo\":{\"@id\":\"https:\/\/aysuniverse.com\/#\/schema\/person\/image\/\"},\"sameAs\":[\"http:\/\/aysuniverse.com\",\"https:\/\/x.com\/AYS_Universe\"]}]}<\/script>\n<!-- \/ Yoast SEO plugin. -->","yoast_head_json":{"title":"Privacy Policy - AYS Universe","robots":{"index":"index","follow":"follow","max-snippet":"max-snippet:-1","max-image-preview":"max-image-preview:large","max-video-preview":"max-video-preview:-1"},"canonical":"https:\/\/aysuniverse.com\/pl\/privacy-policy\/","og_locale":"pl_PL","og_type":"article","og_title":"Privacy Policy - AYS Universe","og_description":"We are committed to protecting your privacy. This Privacy Policy explains how we collect, use, and safeguard the personal information you provide to us. The website address is: https:\/\/aysuniverse.com. Information Collection We collect personal information from you when you subscribe to our newsletter. The information we collect may include your name and email address. Use [&hellip;]","og_url":"https:\/\/aysuniverse.com\/pl\/privacy-policy\/","og_site_name":"AYS Universe","article_modified_time":"2024-07-03T20:03:41+00:00","og_image":[{"width":1200,"height":675,"url":"https:\/\/aysuniverse.com\/wp-content\/uploads\/2024\/05\/PelneLogoProstev4sfdghjklhjgfd.png","type":"image\/png"}],"twitter_card":"summary_large_image","twitter_site":"@AYS_Universe","twitter_misc":{"Szacowany czas czytania":"2 minuty"},"schema":{"@context":"https:\/\/schema.org","@graph":[{"@type":"WebPage","@id":"https:\/\/aysuniverse.com\/privacy-policy\/","url":"https:\/\/aysuniverse.com\/privacy-policy\/","name":"Privacy Policy - AYS Universe","isPartOf":{"@id":"https:\/\/aysuniverse.com\/#website"},"datePublished":"2024-03-10T13:16:33+00:00","dateModified":"2024-07-03T20:03:41+00:00","breadcrumb":{"@id":"https:\/\/aysuniverse.com\/privacy-policy\/#breadcrumb"},"inLanguage":"pl-PL","potentialAction":[{"@type":"ReadAction","target":["https:\/\/aysuniverse.com\/privacy-policy\/"]}]},{"@type":"BreadcrumbList","@id":"https:\/\/aysuniverse.com\/privacy-policy\/#breadcrumb","itemListElement":[{"@type":"ListItem","position":1,"name":"Home","item":"https:\/\/aysuniverse.com\/"},{"@type":"ListItem","position":2,"name":"Privacy Policy"}]},{"@type":"WebSite","@id":"https:\/\/aysuniverse.com\/#website","url":"https:\/\/aysuniverse.com\/","name":"\u015awiat Iwidaciowania","description":"Powsta\u0142 z dw\u00f3ch, rozwija si\u0119 dzi\u0119ki wielu","publisher":{"@id":"https:\/\/aysuniverse.com\/#\/schema\/person\/ff1561500a6f657ddfaa5b5092c27418"},"alternateName":"AYSU","potentialAction":[{"@type":"SearchAction","target":{"@type":"EntryPoint","urlTemplate":"https:\/\/aysuniverse.com\/?s={search_term_string}"},"query-input":{"@type":"PropertyValueSpecification","valueRequired":true,"valueName":"search_term_string"}}],"inLanguage":"pl-PL"},{"@type":["Person","Organization"],"@id":"https:\/\/aysuniverse.com\/#\/schema\/person\/ff1561500a6f657ddfaa5b5092c27418","name":"Matt Sparrow","image":{"@type":"ImageObject","inLanguage":"pl-PL","@id":"https:\/\/aysuniverse.com\/#\/schema\/person\/image\/","url":"https:\/\/aysuniverse.com\/wp-content\/uploads\/2024\/04\/PelneLogoNapis2v4alfaczarne.png","contentUrl":"https:\/\/aysuniverse.com\/wp-content\/uploads\/2024\/04\/PelneLogoNapis2v4alfaczarne.png","width":1080,"height":1080,"caption":"Matt Sparrow"},"logo":{"@id":"https:\/\/aysuniverse.com\/#\/schema\/person\/image\/"},"sameAs":["http:\/\/aysuniverse.com","https:\/\/x.com\/AYS_Universe"]}]}},"_links":{"self":[{"href":"https:\/\/aysuniverse.com\/pl\/wp-json\/wp\/v2\/pages\/3"}],"collection":[{"href":"https:\/\/aysuniverse.com\/pl\/wp-json\/wp\/v2\/pages"}],"about":[{"href":"https:\/\/aysuniverse.com\/pl\/wp-json\/wp\/v2\/types\/page"}],"author":[{"embeddable":true,"href":"https:\/\/aysuniverse.com\/pl\/wp-json\/wp\/v2\/users\/1"}],"replies":[{"embeddable":true,"href":"https:\/\/aysuniverse.com\/pl\/wp-json\/wp\/v2\/comments?post=3"}],"version-history":[{"count":6,"href":"https:\/\/aysuniverse.com\/pl\/wp-json\/wp\/v2\/pages\/3\/revisions"}],"predecessor-version":[{"id":391,"href":"https:\/\/aysuniverse.com\/pl\/wp-json\/wp\/v2\/pages\/3\/revisions\/391"}],"wp:attachment":[{"href":"https:\/\/aysuniverse.com\/pl\/wp-json\/wp\/v2\/media?parent=3"}],"curies":[{"name":"wp","href":"https:\/\/api.w.org\/{rel}","templated":true}]}}