{"id":204,"date":"2024-05-04T12:44:38","date_gmt":"2024-05-04T11:44:38","guid":{"rendered":"https:\/\/aysuniverse.com\/?page_id=204"},"modified":"2025-01-05T16:34:39","modified_gmt":"2025-01-05T16:34:39","slug":"the-visionary-chapter-list","status":"publish","type":"page","link":"https:\/\/aysuniverse.com\/pl\/the-visionary-chapter-list\/","title":{"rendered":"Wizjoner"},"content":{"rendered":"<p class=\"has-mirza-font-family\">Polityk z przymusu, w g\u0142\u0119bi serca naukowiec. Przyt\u0142oczony t\u0142amsz\u0105cym indywidualno\u015b\u0107 systemem, niedosz\u0142y cz\u0142onek partii zamyka si\u0119 w swoim gabinecie, gdzie marzy o ucieczce. W tajemnicy pr\u00f3buje stworzy\u0107 zakl\u0119cie, kt\u00f3re zabierze go na inn\u0105 planet\u0119.<\/p>\n\n\n\n<div class=\"wp-block-group is-horizontal is-content-justification-center is-layout-flex wp-container-core-group-is-layout-1 wp-block-group-is-layout-flex\">\n<div class=\"wp-block-buttons is-horizontal is-layout-flex wp-block-buttons-is-layout-flex\">\n<div class=\"wp-block-button\"><a class=\"wp-block-button__link wp-element-button\" href=\"#TheList\" rel=\"#TheList\">Czytaj Przyk\u0142adowe Rozdzia\u0142y<\/a><\/div>\n\n\n\n<div class=\"wp-block-button\"><a class=\"wp-block-button__link wp-element-button\" href=\"#Purchase\">KUP TERAZ!<\/a><\/div>\n\n\n\n<div class=\"wp-block-button\"><a class=\"wp-block-button__link wp-element-button\" href=\"https:\/\/aysuniverse.com\/pl\/#explore\" rel=\"#explore\">Wr\u00f3\u0107 do Eksplorowania<\/a><\/div>\n<\/div>\n<\/div>\n\n\n\n<figure class=\"wp-block-image size-large\"><img loading=\"lazy\" decoding=\"async\" width=\"1024\" height=\"633\" src=\"https:\/\/aysuniverse.com\/wp-content\/uploads\/2024\/10\/Reklama-Strzalkowa-v8-A-1024x633.png\" alt=\"\" class=\"wp-image-597\" srcset=\"https:\/\/aysuniverse.com\/wp-content\/uploads\/2024\/10\/Reklama-Strzalkowa-v8-A-1024x633.png 1024w, https:\/\/aysuniverse.com\/wp-content\/uploads\/2024\/10\/Reklama-Strzalkowa-v8-A-300x186.png 300w, https:\/\/aysuniverse.com\/wp-content\/uploads\/2024\/10\/Reklama-Strzalkowa-v8-A-768x475.png 768w, https:\/\/aysuniverse.com\/wp-content\/uploads\/2024\/10\/Reklama-Strzalkowa-v8-A-1536x950.png 1536w, https:\/\/aysuniverse.com\/wp-content\/uploads\/2024\/10\/Reklama-Strzalkowa-v8-A-18x12.png 18w, https:\/\/aysuniverse.com\/wp-content\/uploads\/2024\/10\/Reklama-Strzalkowa-v8-A.png 1940w\" sizes=\"(max-width: 1024px) 100vw, 1024px\" \/><\/figure>\n\n\n\n<p class=\"has-text-align-center has-medium-font-size\"><a href=\"https:\/\/aysuniverse.com\/pl\/advanced-review-copy\/\">Jak otrzyma\u0107 egzemplarz recenzencki<\/a><\/p>\n\n\n\n<p class=\"has-text-align-center has-large-font-size\" id=\"Purchase\"><strong>Opcje Zakupu<\/strong><\/p>\n\n\n\n<p class=\"has-large-font-size\">PO ANGIELSKU<\/p>\n\n\n\n<p class=\"has-medium-font-size\"><strong><a href=\"https:\/\/bookgoodies.com\/a\/8397114653\" target=\"_blank\" rel=\"noreferrer noopener\">Uniwersalny Link Amazona<\/a><\/strong><\/p>\n\n\n\n<p class=\"has-small-font-size\">Zaprowadzi do strony sprzeda\u017cowej na Amazonie odpowiadaj\u0105cej Twojej lokalizacji.<\/p>\n\n\n\n<p class=\"has-medium-font-size\"><strong><a href=\"https:\/\/books2read.com\/u\/mlzLZq\" target=\"_blank\" rel=\"noreferrer noopener\">Uniwersalny Link<\/a><\/strong><\/p>\n\n\n\n<p class=\"has-small-font-size\">Uniwersalny link do zakupu w r\u00f3\u017cnych serwisach internetowych.<\/p>\n\n\n\n<p class=\"has-large-font-size\">PO POLSKU<\/p>\n\n\n\n<p class=\"has-medium-font-size\"><strong><a href=\"https:\/\/www.empik.com\/wizjoner-mateusz-wroblewski,p1543770571,ksiazka-p\">Link Empiku (Druk)<\/a><br><a href=\"https:\/\/www.empik.com\/wizjoner-mateusz-wroblewski,p1533659914,ebooki-i-mp3-p\">Link Empiku (Ebook)<\/a><\/strong><\/p>\n\n\n\n<p class=\"has-medium-font-size\"><strong><a href=\"https:\/\/bookgoodies.com\/a\/8397114602\" target=\"_blank\" rel=\"noreferrer noopener\">Uniwersalny Link Amazona<\/a><\/strong><br><a href=\"https:\/\/www.amazon.pl\/Wizjoner-Mateusz-Wr%C3%B3blewski\/dp\/8397114602\"><strong>Link do Polskiego Amazona<\/strong><\/a><\/p>\n\n\n\n<p class=\"has-small-font-size\">Zaprowadzi do strony sprzeda\u017cowej na Amazonie odpowiadaj\u0105cej Twojej lokalizacji.<\/p>\n\n\n\n<figure class=\"wp-block-image size-large\"><img loading=\"lazy\" decoding=\"async\" width=\"1024\" height=\"512\" src=\"https:\/\/aysuniverse.com\/wp-content\/uploads\/2024\/10\/PlakatWyborczy3a-1024x512.png\" alt=\"\" class=\"wp-image-598\" srcset=\"https:\/\/aysuniverse.com\/wp-content\/uploads\/2024\/10\/PlakatWyborczy3a-1024x512.png 1024w, https:\/\/aysuniverse.com\/wp-content\/uploads\/2024\/10\/PlakatWyborczy3a-300x150.png 300w, https:\/\/aysuniverse.com\/wp-content\/uploads\/2024\/10\/PlakatWyborczy3a-768x384.png 768w, https:\/\/aysuniverse.com\/wp-content\/uploads\/2024\/10\/PlakatWyborczy3a-1536x768.png 1536w, https:\/\/aysuniverse.com\/wp-content\/uploads\/2024\/10\/PlakatWyborczy3a-2048x1024.png 2048w, https:\/\/aysuniverse.com\/wp-content\/uploads\/2024\/10\/PlakatWyborczy3a-18x9.png 18w\" sizes=\"(max-width: 1024px) 100vw, 1024px\" \/><\/figure>\n\n\n\n<p class=\"has-large-font-size\">Lista Rozdzia\u0142\u00f3w<\/p>\n\n\n\n<ul>\n<li><a href=\"https:\/\/aysuniverse.com\/pl\/?p=157\">Rozdzia\u0142 1: Przysz\u0142o\u015b\u0107 w Przesz\u0142o\u015bci<\/a><\/li>\n\n\n\n<li><a href=\"https:\/\/aysuniverse.com\/pl\/the-visionary-chapter-2\/\">Rozdzia\u0142 2: Wspomnienie o Gwiazdach<\/a><\/li>\n\n\n\n<li><a href=\"https:\/\/aysuniverse.com\/pl\/the-visionary-chapter-3\/\">Rozdzia\u0142 3: W\u0142a\u015bciwe Oznaczenie<\/a><\/li>\n\n\n\n<li><a href=\"https:\/\/aysuniverse.com\/pl\/the-visionary-chapter-4\/\">Rozdzia\u0142 4: Fa\u0142szerstwo<\/a><\/li>\n<\/ul>","protected":false},"excerpt":{"rendered":"<p>A politician by obligation, a scientist at heart. Overwhelmed by a system that suppresses individuality, the would-be party member locks himself in his office, where he dreams of escape. In secret, he tries to create a spell that will take him to another planet. How to get free review copy Buying Options ENGLISH Amazon Universal [&hellip;]<\/p>","protected":false},"author":1,"featured_media":165,"parent":0,"menu_order":0,"comment_status":"closed","ping_status":"closed","template":"","meta":{"iawp_total_views":256,"footnotes":""},"yoast_head":"<!-- This site is optimized with the Yoast SEO plugin v24.0 - https:\/\/yoast.com\/wordpress\/plugins\/seo\/ -->\n<title>The Visionary - AYS Universe<\/title>\n<meta name=\"robots\" content=\"index, follow, max-snippet:-1, max-image-preview:large, max-video-preview:-1\" \/>\n<link rel=\"canonical\" href=\"https:\/\/aysuniverse.com\/pl\/the-visionary-chapter-list\/\" \/>\n<meta property=\"og:locale\" content=\"pl_PL\" \/>\n<meta property=\"og:type\" content=\"article\" \/>\n<meta property=\"og:title\" content=\"The Visionary - AYS Universe\" \/>\n<meta property=\"og:description\" content=\"A politician by obligation, a scientist at heart. Overwhelmed by a system that suppresses individuality, the would-be party member locks himself in his office, where he dreams of escape. In secret, he tries to create a spell that will take him to another planet. How to get free review copy Buying Options ENGLISH Amazon Universal [&hellip;]\" \/>\n<meta property=\"og:url\" content=\"https:\/\/aysuniverse.com\/pl\/the-visionary-chapter-list\/\" \/>\n<meta property=\"og:site_name\" content=\"AYS Universe\" \/>\n<meta property=\"article:modified_time\" content=\"2025-01-05T16:34:39+00:00\" \/>\n<meta property=\"og:image\" content=\"https:\/\/aysuniverse.com\/wp-content\/uploads\/2024\/04\/interactive-section-bg-1024x707.png\" \/>\n\t<meta property=\"og:image:width\" content=\"1024\" \/>\n\t<meta property=\"og:image:height\" content=\"707\" \/>\n\t<meta property=\"og:image:type\" content=\"image\/png\" \/>\n<meta name=\"twitter:card\" content=\"summary_large_image\" \/>\n<meta name=\"twitter:site\" content=\"@AYS_Universe\" \/>\n<meta name=\"twitter:label1\" content=\"Szacowany czas czytania\" \/>\n\t<meta name=\"twitter:data1\" content=\"2 minuty\" \/>\n<script type=\"application\/ld+json\" class=\"yoast-schema-graph\">{\"@context\":\"https:\/\/schema.org\",\"@graph\":[{\"@type\":\"WebPage\",\"@id\":\"https:\/\/aysuniverse.com\/the-visionary-chapter-list\/\",\"url\":\"https:\/\/aysuniverse.com\/the-visionary-chapter-list\/\",\"name\":\"The Visionary - AYS Universe\",\"isPartOf\":{\"@id\":\"https:\/\/aysuniverse.com\/#website\"},\"primaryImageOfPage\":{\"@id\":\"https:\/\/aysuniverse.com\/the-visionary-chapter-list\/#primaryimage\"},\"image\":{\"@id\":\"https:\/\/aysuniverse.com\/the-visionary-chapter-list\/#primaryimage\"},\"thumbnailUrl\":\"https:\/\/aysuniverse.com\/wp-content\/uploads\/2024\/04\/interactive-section-bg.png\",\"datePublished\":\"2024-05-04T11:44:38+00:00\",\"dateModified\":\"2025-01-05T16:34:39+00:00\",\"breadcrumb\":{\"@id\":\"https:\/\/aysuniverse.com\/the-visionary-chapter-list\/#breadcrumb\"},\"inLanguage\":\"pl-PL\",\"potentialAction\":[{\"@type\":\"ReadAction\",\"target\":[\"https:\/\/aysuniverse.com\/the-visionary-chapter-list\/\"]}]},{\"@type\":\"ImageObject\",\"inLanguage\":\"pl-PL\",\"@id\":\"https:\/\/aysuniverse.com\/the-visionary-chapter-list\/#primaryimage\",\"url\":\"https:\/\/aysuniverse.com\/wp-content\/uploads\/2024\/04\/interactive-section-bg.png\",\"contentUrl\":\"https:\/\/aysuniverse.com\/wp-content\/uploads\/2024\/04\/interactive-section-bg.png\",\"width\":7257,\"height\":5008,\"caption\":\"Book cover of \\\"The Visionary\\\".\"},{\"@type\":\"BreadcrumbList\",\"@id\":\"https:\/\/aysuniverse.com\/the-visionary-chapter-list\/#breadcrumb\",\"itemListElement\":[{\"@type\":\"ListItem\",\"position\":1,\"name\":\"Home\",\"item\":\"https:\/\/aysuniverse.com\/\"},{\"@type\":\"ListItem\",\"position\":2,\"name\":\"The Visionary\"}]},{\"@type\":\"WebSite\",\"@id\":\"https:\/\/aysuniverse.com\/#website\",\"url\":\"https:\/\/aysuniverse.com\/\",\"name\":\"AYS Universe\",\"description\":\"Created by two, expanded by many\",\"publisher\":{\"@id\":\"https:\/\/aysuniverse.com\/#\/schema\/person\/ff1561500a6f657ddfaa5b5092c27418\"},\"alternateName\":\"AYSU\",\"potentialAction\":[{\"@type\":\"SearchAction\",\"target\":{\"@type\":\"EntryPoint\",\"urlTemplate\":\"https:\/\/aysuniverse.com\/?s={search_term_string}\"},\"query-input\":{\"@type\":\"PropertyValueSpecification\",\"valueRequired\":true,\"valueName\":\"search_term_string\"}}],\"inLanguage\":\"pl-PL\"},{\"@type\":[\"Person\",\"Organization\"],\"@id\":\"https:\/\/aysuniverse.com\/#\/schema\/person\/ff1561500a6f657ddfaa5b5092c27418\",\"name\":\"Matt Sparrow\",\"image\":{\"@type\":\"ImageObject\",\"inLanguage\":\"pl-PL\",\"@id\":\"https:\/\/aysuniverse.com\/#\/schema\/person\/image\/\",\"url\":\"https:\/\/aysuniverse.com\/wp-content\/uploads\/2024\/04\/PelneLogoNapis2v4alfaczarne.png\",\"contentUrl\":\"https:\/\/aysuniverse.com\/wp-content\/uploads\/2024\/04\/PelneLogoNapis2v4alfaczarne.png\",\"width\":1080,\"height\":1080,\"caption\":\"Matt Sparrow\"},\"logo\":{\"@id\":\"https:\/\/aysuniverse.com\/#\/schema\/person\/image\/\"},\"sameAs\":[\"http:\/\/aysuniverse.com\",\"https:\/\/x.com\/AYS_Universe\"]}]}<\/script>\n<!-- \/ Yoast SEO plugin. -->","yoast_head_json":{"title":"The Visionary - AYS Universe","robots":{"index":"index","follow":"follow","max-snippet":"max-snippet:-1","max-image-preview":"max-image-preview:large","max-video-preview":"max-video-preview:-1"},"canonical":"https:\/\/aysuniverse.com\/pl\/the-visionary-chapter-list\/","og_locale":"pl_PL","og_type":"article","og_title":"The Visionary - AYS Universe","og_description":"A politician by obligation, a scientist at heart. Overwhelmed by a system that suppresses individuality, the would-be party member locks himself in his office, where he dreams of escape. In secret, he tries to create a spell that will take him to another planet. How to get free review copy Buying Options ENGLISH Amazon Universal [&hellip;]","og_url":"https:\/\/aysuniverse.com\/pl\/the-visionary-chapter-list\/","og_site_name":"AYS Universe","article_modified_time":"2025-01-05T16:34:39+00:00","og_image":[{"width":1024,"height":707,"url":"https:\/\/aysuniverse.com\/wp-content\/uploads\/2024\/04\/interactive-section-bg-1024x707.png","type":"image\/png"}],"twitter_card":"summary_large_image","twitter_site":"@AYS_Universe","twitter_misc":{"Szacowany czas czytania":"2 minuty"},"schema":{"@context":"https:\/\/schema.org","@graph":[{"@type":"WebPage","@id":"https:\/\/aysuniverse.com\/the-visionary-chapter-list\/","url":"https:\/\/aysuniverse.com\/the-visionary-chapter-list\/","name":"The Visionary - AYS Universe","isPartOf":{"@id":"https:\/\/aysuniverse.com\/#website"},"primaryImageOfPage":{"@id":"https:\/\/aysuniverse.com\/the-visionary-chapter-list\/#primaryimage"},"image":{"@id":"https:\/\/aysuniverse.com\/the-visionary-chapter-list\/#primaryimage"},"thumbnailUrl":"https:\/\/aysuniverse.com\/wp-content\/uploads\/2024\/04\/interactive-section-bg.png","datePublished":"2024-05-04T11:44:38+00:00","dateModified":"2025-01-05T16:34:39+00:00","breadcrumb":{"@id":"https:\/\/aysuniverse.com\/the-visionary-chapter-list\/#breadcrumb"},"inLanguage":"pl-PL","potentialAction":[{"@type":"ReadAction","target":["https:\/\/aysuniverse.com\/the-visionary-chapter-list\/"]}]},{"@type":"ImageObject","inLanguage":"pl-PL","@id":"https:\/\/aysuniverse.com\/the-visionary-chapter-list\/#primaryimage","url":"https:\/\/aysuniverse.com\/wp-content\/uploads\/2024\/04\/interactive-section-bg.png","contentUrl":"https:\/\/aysuniverse.com\/wp-content\/uploads\/2024\/04\/interactive-section-bg.png","width":7257,"height":5008,"caption":"Book cover of \"The Visionary\"."},{"@type":"BreadcrumbList","@id":"https:\/\/aysuniverse.com\/the-visionary-chapter-list\/#breadcrumb","itemListElement":[{"@type":"ListItem","position":1,"name":"Home","item":"https:\/\/aysuniverse.com\/"},{"@type":"ListItem","position":2,"name":"The Visionary"}]},{"@type":"WebSite","@id":"https:\/\/aysuniverse.com\/#website","url":"https:\/\/aysuniverse.com\/","name":"\u015awiat Iwidaciowania","description":"Powsta\u0142 z dw\u00f3ch, rozwija si\u0119 dzi\u0119ki wielu","publisher":{"@id":"https:\/\/aysuniverse.com\/#\/schema\/person\/ff1561500a6f657ddfaa5b5092c27418"},"alternateName":"AYSU","potentialAction":[{"@type":"SearchAction","target":{"@type":"EntryPoint","urlTemplate":"https:\/\/aysuniverse.com\/?s={search_term_string}"},"query-input":{"@type":"PropertyValueSpecification","valueRequired":true,"valueName":"search_term_string"}}],"inLanguage":"pl-PL"},{"@type":["Person","Organization"],"@id":"https:\/\/aysuniverse.com\/#\/schema\/person\/ff1561500a6f657ddfaa5b5092c27418","name":"Matt Sparrow","image":{"@type":"ImageObject","inLanguage":"pl-PL","@id":"https:\/\/aysuniverse.com\/#\/schema\/person\/image\/","url":"https:\/\/aysuniverse.com\/wp-content\/uploads\/2024\/04\/PelneLogoNapis2v4alfaczarne.png","contentUrl":"https:\/\/aysuniverse.com\/wp-content\/uploads\/2024\/04\/PelneLogoNapis2v4alfaczarne.png","width":1080,"height":1080,"caption":"Matt Sparrow"},"logo":{"@id":"https:\/\/aysuniverse.com\/#\/schema\/person\/image\/"},"sameAs":["http:\/\/aysuniverse.com","https:\/\/x.com\/AYS_Universe"]}]}},"_links":{"self":[{"href":"https:\/\/aysuniverse.com\/pl\/wp-json\/wp\/v2\/pages\/204"}],"collection":[{"href":"https:\/\/aysuniverse.com\/pl\/wp-json\/wp\/v2\/pages"}],"about":[{"href":"https:\/\/aysuniverse.com\/pl\/wp-json\/wp\/v2\/types\/page"}],"author":[{"embeddable":true,"href":"https:\/\/aysuniverse.com\/pl\/wp-json\/wp\/v2\/users\/1"}],"replies":[{"embeddable":true,"href":"https:\/\/aysuniverse.com\/pl\/wp-json\/wp\/v2\/comments?post=204"}],"version-history":[{"count":36,"href":"https:\/\/aysuniverse.com\/pl\/wp-json\/wp\/v2\/pages\/204\/revisions"}],"predecessor-version":[{"id":642,"href":"https:\/\/aysuniverse.com\/pl\/wp-json\/wp\/v2\/pages\/204\/revisions\/642"}],"wp:featuredmedia":[{"embeddable":true,"href":"https:\/\/aysuniverse.com\/pl\/wp-json\/wp\/v2\/media\/165"}],"wp:attachment":[{"href":"https:\/\/aysuniverse.com\/pl\/wp-json\/wp\/v2\/media?parent=204"}],"curies":[{"name":"wp","href":"https:\/\/api.w.org\/{rel}","templated":true}]}}